{"id":1381,"date":"2018-02-08T12:29:46","date_gmt":"2018-02-08T12:29:46","guid":{"rendered":"https:\/\/bancoynegro.com\/el-remarketing-dinamico-de-google-adwords\/"},"modified":"2019-10-23T12:51:43","modified_gmt":"2019-10-23T12:51:43","slug":"google-adwords-remarketing-dinamico","status":"publish","type":"page","link":"https:\/\/bancoynegro.com\/es\/google-adwords-remarketing-dinamico\/","title":{"rendered":"El remarketing din\u00e1mico de Google AdWords"},"content":{"rendered":"<p>El remarketing te permite mostrar anuncios a personas que hayan visitado tu sitio web o utilizado tu aplicaci\u00f3n para m\u00f3viles anteriormente.<\/p>\n<p><strong>El remarketing din\u00e1mico<\/strong> va un paso m\u00e1s all\u00e1 y te permite mostrar a las personas que hayan visitado tu sitio web anteriormente anuncios que contienen productos y servicios que ya han visto en tu sitio. Con mensajes adaptados a la audiencia, el remarketing din\u00e1mico te ayuda a generar oportunidades de venta y ventas haciendo que las personas que hayan visitado tu sitio web anteriormente regresen a \u00e9l y terminen lo que hab\u00edan empezado.<\/p>\n<div id=\"attachment_848\" style=\"width: 650px\" class=\"wp-caption aligncenter\"><img aria-describedby=\"caption-attachment-848\" loading=\"lazy\" class=\"wp-image-848 size-large\" src=\"https:\/\/bancoynegro.com\/wp-content\/uploads\/2018\/02\/google_dynamicky_remarketing-1024x768.jpg\" alt=\"Remarketing din\u00e1mico de Google AdWords\" width=\"640\" height=\"480\" srcset=\"https:\/\/bancoynegro.com\/wp-content\/uploads\/2018\/02\/google_dynamicky_remarketing.jpg 1024w, https:\/\/bancoynegro.com\/wp-content\/uploads\/2018\/02\/google_dynamicky_remarketing-300x225.jpg 300w, https:\/\/bancoynegro.com\/wp-content\/uploads\/2018\/02\/google_dynamicky_remarketing-768x576.jpg 768w\" sizes=\"(max-width: 640px) 100vw, 640px\" \/><p id=\"caption-attachment-848\" class=\"wp-caption-text\">Remarketing din\u00e1mico de Google AdWords<\/p><\/div>\n<div class=\"mceTemp\"><\/div>\n<h2>Qu\u00e9 se necesita para empezar<\/h2>\n<h3>Feed de productos o servicios<\/h3>\n<p>Crea un feed que incluya todos tus productos o servicios, as\u00ed como detalles acerca de cada uno (ID \u00fanico, precio, imagen y mucho m\u00e1s). Dichos detalles se tomar\u00e1n del feed y se mostrar\u00e1n en los anuncios din\u00e1micos. Si no eres un minorista, deber\u00e1s subir el feed a la secci\u00f3n \u00abDatos de la empresa\u00bb de la Biblioteca compartida. Si eres un minorista, deber\u00e1s subir el feed de productos a Google Merchant Center.<\/p>\n<h3>Etiqueta con par\u00e1metros personalizados<\/h3>\n<p>A\u00f1ade la etiqueta de remarketing din\u00e1mico con par\u00e1metros personalizados a todas las p\u00e1ginas de tu sitio web. La etiqueta a\u00f1ade a los visitantes de tu sitio web a listas de remarketing y los asocia a los ID \u00fanicos de los elementos del feed que hayan visto. Podr\u00e1s encontrar la etiqueta en la secci\u00f3n \u00abAudiencias\u00bb de la Biblioteca compartida.<\/p>\n<h3>Anuncios adaptables<\/h3>\n<p>Los anuncios adaptables utilizan varios tama\u00f1os y formatos para plataformas modernas, incluido el HTML5 para dispositivos m\u00f3viles. Puedes crear anuncios adaptables en la Galer\u00eda de anuncios.<\/p>\n<p>Todo sobre <a href=\"https:\/\/support.google.com\/adwords\/topic\/3122874?hl=es&amp;ref_topic=3121935\" target=\"_blank\" rel=\"noopener noreferrer\">el remarketing din\u00e1mico en Ayuda de AdWords<\/a>.<\/p>\n<p>Si est\u00e1 interesado en una campa\u0148a del remarketing din\u00e1mico de AdWords, no dude en <a href=\"https:\/\/bancoynegro.com\/kontakt\/\">contactarnos<\/a>.<\/p>\n","protected":false},"excerpt":{"rendered":"<p>El remarketing te permite mostrar anuncios a personas que hayan visitado tu sitio web o utilizado tu aplicaci\u00f3n para m\u00f3viles anteriormente. El remarketing din\u00e1mico va un paso m\u00e1s all\u00e1 y te permite mostrar a las personas que hayan visitado tu sitio web anteriormente anuncios que contienen productos y servicios que ya han visto en tu sitio. Con mensajes adaptados a la audiencia, el [&hellip;]<\/p>\n","protected":false},"author":1,"featured_media":1431,"parent":0,"menu_order":0,"comment_status":"closed","ping_status":"closed","template":"","meta":[],"yoast_head":"<!-- This site is optimized with the Yoast SEO plugin v15.2.1 - https:\/\/yoast.com\/wordpress\/plugins\/seo\/ -->\n<title>El remarketing din\u00e1mico de Google AdWords<\/title>\n<meta name=\"description\" content=\"El remarketing din\u00e1mico va un paso m\u00e1s all\u00e1 y te permite mostrar a las personas que hayan visitado tu sitio web anteriormente anuncios que contienen productos y servicios que ya han visto en tu sitio.\" \/>\n<meta name=\"robots\" content=\"index, follow, max-snippet:-1, max-image-preview:large, max-video-preview:-1\" \/>\n<link rel=\"canonical\" href=\"https:\/\/bancoynegro.com\/es\/google-adwords-remarketing-dinamico\/\" \/>\n<meta property=\"og:locale\" content=\"es_ES\" \/>\n<meta property=\"og:type\" content=\"article\" \/>\n<meta property=\"og:title\" content=\"El remarketing din\u00e1mico de Google AdWords\" \/>\n<meta property=\"og:description\" content=\"El remarketing din\u00e1mico va un paso m\u00e1s all\u00e1 y te permite mostrar a las personas que hayan visitado tu sitio web anteriormente anuncios que contienen productos y servicios que ya han visto en tu sitio.\" \/>\n<meta property=\"og:url\" content=\"https:\/\/bancoynegro.com\/es\/google-adwords-remarketing-dinamico\/\" \/>\n<meta property=\"og:site_name\" content=\"BancoYnegro\" \/>\n<meta property=\"article:modified_time\" content=\"2019-10-23T12:51:43+00:00\" \/>\n<meta property=\"og:image\" content=\"https:\/\/bancoynegro.com\/wp-content\/uploads\/2018\/02\/google_dynamicky_remarketing.jpg\" \/>\n\t<meta property=\"og:image:width\" content=\"1024\" \/>\n\t<meta property=\"og:image:height\" content=\"768\" \/>\n<meta name=\"twitter:card\" content=\"summary\" \/>\n<meta name=\"twitter:label1\" content=\"Escrito por\">\n\t<meta name=\"twitter:data1\" content=\"admin\">\n\t<meta name=\"twitter:label2\" content=\"Tiempo de lectura\">\n\t<meta name=\"twitter:data2\" content=\"1 minuto\">\n<script type=\"application\/ld+json\" class=\"yoast-schema-graph\">{\"@context\":\"https:\/\/schema.org\",\"@graph\":[{\"@type\":\"WebSite\",\"@id\":\"https:\/\/bancoynegro.com\/#website\",\"url\":\"https:\/\/bancoynegro.com\/\",\"name\":\"BancoYnegro\",\"description\":\"Banco Y negro - Online marketing, google a facebook reklamy\",\"potentialAction\":[{\"@type\":\"SearchAction\",\"target\":\"https:\/\/bancoynegro.com\/?s={search_term_string}\",\"query-input\":\"required name=search_term_string\"}],\"inLanguage\":\"es\"},{\"@type\":\"ImageObject\",\"@id\":\"https:\/\/bancoynegro.com\/es\/google-adwords-remarketing-dinamico\/#primaryimage\",\"inLanguage\":\"es\",\"url\":\"https:\/\/bancoynegro.com\/wp-content\/uploads\/2018\/02\/google_dynamicky_remarketing.jpg\",\"width\":1024,\"height\":768},{\"@type\":\"WebPage\",\"@id\":\"https:\/\/bancoynegro.com\/es\/google-adwords-remarketing-dinamico\/#webpage\",\"url\":\"https:\/\/bancoynegro.com\/es\/google-adwords-remarketing-dinamico\/\",\"name\":\"El remarketing din\\u00e1mico de Google AdWords\",\"isPartOf\":{\"@id\":\"https:\/\/bancoynegro.com\/#website\"},\"primaryImageOfPage\":{\"@id\":\"https:\/\/bancoynegro.com\/es\/google-adwords-remarketing-dinamico\/#primaryimage\"},\"datePublished\":\"2018-02-08T12:29:46+00:00\",\"dateModified\":\"2019-10-23T12:51:43+00:00\",\"description\":\"El remarketing din\\u00e1mico va un paso m\\u00e1s all\\u00e1 y te permite mostrar a las personas que hayan visitado tu sitio web anteriormente anuncios que contienen productos y servicios que ya han visto en tu sitio.\",\"inLanguage\":\"es\",\"potentialAction\":[{\"@type\":\"ReadAction\",\"target\":[\"https:\/\/bancoynegro.com\/es\/google-adwords-remarketing-dinamico\/\"]}]}]}<\/script>\n<!-- \/ Yoast SEO plugin. -->","_links":{"self":[{"href":"https:\/\/bancoynegro.com\/es\/wp-json\/wp\/v2\/pages\/1381"}],"collection":[{"href":"https:\/\/bancoynegro.com\/es\/wp-json\/wp\/v2\/pages"}],"about":[{"href":"https:\/\/bancoynegro.com\/es\/wp-json\/wp\/v2\/types\/page"}],"author":[{"embeddable":true,"href":"https:\/\/bancoynegro.com\/es\/wp-json\/wp\/v2\/users\/1"}],"replies":[{"embeddable":true,"href":"https:\/\/bancoynegro.com\/es\/wp-json\/wp\/v2\/comments?post=1381"}],"version-history":[{"count":2,"href":"https:\/\/bancoynegro.com\/es\/wp-json\/wp\/v2\/pages\/1381\/revisions"}],"predecessor-version":[{"id":5243,"href":"https:\/\/bancoynegro.com\/es\/wp-json\/wp\/v2\/pages\/1381\/revisions\/5243"}],"wp:featuredmedia":[{"embeddable":true,"href":"https:\/\/bancoynegro.com\/es\/wp-json\/wp\/v2\/media\/1431"}],"wp:attachment":[{"href":"https:\/\/bancoynegro.com\/es\/wp-json\/wp\/v2\/media?parent=1381"}],"curies":[{"name":"wp","href":"https:\/\/api.w.org\/{rel}","templated":true}]}}